{"id":11,"date":"2015-02-10T19:21:34","date_gmt":"2015-02-10T19:21:34","guid":{"rendered":"https:\/\/avada.theme-fusion.com_demos\/architecture\/?page_id=11"},"modified":"2023-09-12T19:32:06","modified_gmt":"2023-09-12T17:32:06","slug":"services","status":"publish","type":"page","link":"https:\/\/maxprogt.com\/?page_id=11","title":{"rendered":"Servicios y Productos"},"content":{"rendered":"<p><div class=\"fusion-bg-parallax\" data-bg-align=\"left top\" data-direction=\"left\" data-mute=\"false\" data-opacity=\"100\" data-velocity=\"-0.7\" data-mobile-enabled=\"false\" data-break_parents=\"0\" data-bg-image=\"https:\/\/maxprogt.com\/wp-content\/uploads\/2023\/09\/F238F39E-50B6-11EE-95AB-0EF2A1D5C2F9.jpg\" data-bg-repeat=\"false\" ><\/div><div class=\"fusion-fullwidth fullwidth-box fusion-builder-row-1 fusion-flex-container has-pattern-background has-mask-background fusion-parallax-left nonhundred-percent-fullwidth non-hundred-percent-height-scrolling lazyload\" style=\"--awb-background-position:left top;--awb-border-sizes-top:0px;--awb-border-sizes-bottom:0px;--awb-border-sizes-left:0px;--awb-border-sizes-right:0px;--awb-border-radius-top-left:0px;--awb-border-radius-top-right:0px;--awb-border-radius-bottom-right:0px;--awb-border-radius-bottom-left:0px;--awb-padding-top:130px;--awb-padding-bottom:120px;--awb-background-size:cover;--awb-flex-wrap:wrap;\" data-bg=\"https:\/\/maxprogt.com\/wp-content\/uploads\/2023\/09\/F238F39E-50B6-11EE-95AB-0EF2A1D5C2F9.jpg\" ><div class=\"fusion-builder-row fusion-row fusion-flex-align-items-flex-start fusion-flex-content-wrap\" style=\"max-width:1216.8px;margin-left: calc(-4% \/ 2 );margin-right: calc(-4% \/ 2 );\"><div class=\"fusion-layout-column fusion_builder_column fusion-builder-column-0 fusion_builder_column_1_2 1_2 fusion-flex-column\" style=\"--awb-bg-blend:overlay;--awb-bg-size:cover;--awb-width-large:50%;--awb-margin-top-large:0px;--awb-spacing-right-large:3.84%;--awb-margin-bottom-large:20px;--awb-spacing-left-large:3.84%;--awb-width-medium:100%;--awb-spacing-right-medium:1.92%;--awb-spacing-left-medium:1.92%;--awb-width-small:100%;--awb-spacing-right-small:1.92%;--awb-spacing-left-small:1.92%;\"><div class=\"fusion-column-wrapper fusion-flex-justify-content-flex-start fusion-content-layout-column\"><div class=\"fusion-title title fusion-title-1 fusion-sep-none fusion-title-text fusion-title-size-two\" style=\"--awb-text-color:var(--awb-color1);--awb-margin-top-small:0px;--awb-margin-right-small:0px;--awb-margin-bottom-small:20px;--awb-margin-left-small:0px;\"><h2 class=\"fusion-title-heading title-heading-left fusion-responsive-typography-calculated\" style=\"margin:0;text-transform:capitalize;--fontSize:48;line-height:var(--awb-typography1-line-height);\">CABLEADO ESTRUCTURADO REDES DE VOZ Y DATOS<\/h2><\/div><div class=\"fusion-text fusion-text-1\"><p><span style=\"color: var(--awb-color1);\"><strong>Maxpro<\/strong> es parte del programa<strong> Panduit Partner One<\/strong> que le permite ofrecer instalaciones certificadas con garant\u00eda de 15 a\u00f1os en sus proyectos de cableado estructurado redes de voz, datos y video IP.<\/span><\/p>\n<\/div><div class=\"fusion-image-element \" style=\"--awb-caption-title-font-family:var(--h2_typography-font-family);--awb-caption-title-font-weight:var(--h2_typography-font-weight);--awb-caption-title-font-style:var(--h2_typography-font-style);--awb-caption-title-size:var(--h2_typography-font-size);--awb-caption-title-transform:var(--h2_typography-text-transform);--awb-caption-title-line-height:var(--h2_typography-line-height);--awb-caption-title-letter-spacing:var(--h2_typography-letter-spacing);\"><span class=\" fusion-imageframe imageframe-none imageframe-1 hover-type-none\"><img decoding=\"async\" width=\"1408\" height=\"1088\" title=\"REGDeployNI\" src=\"data:image\/svg+xml,%3Csvg%20xmlns%3D%27http%3A%2F%2Fwww.w3.org%2F2000%2Fsvg%27%20width%3D%271408%27%20height%3D%271088%27%20viewBox%3D%270%200%201408%201088%27%3E%3Crect%20width%3D%271408%27%20height%3D%271088%27%20fill-opacity%3D%220%22%2F%3E%3C%2Fsvg%3E\" data-orig-src=\"https:\/\/maxprogt.com\/wp-content\/uploads\/2023\/09\/REGDeployNI-pdf.jpg\" alt class=\"lazyload img-responsive wp-image-1131\"\/><\/span><\/div><div class=\"fusion-separator fusion-full-width-sep\" style=\"align-self: center;margin-left: auto;margin-right: auto;margin-top:20px;width:100%;\"><\/div><div class=\"fusion-text fusion-text-2\"><p><span style=\"color: var(--awb-color1);\"><strong>Maxpro<\/strong> tambien cuenta con la certificaci\u00f3n de <strong>Instalador Registrado Siemon<\/strong> que le permite ofrecer instalaciones certificadas con garant\u00eda de 15 a\u00f1os en sus proyectos de cableado estructurado redes de voz, datos y video IP.<\/span><\/p>\n<\/div><div class=\"fusion-image-element \" style=\"--awb-caption-title-font-family:var(--h2_typography-font-family);--awb-caption-title-font-weight:var(--h2_typography-font-weight);--awb-caption-title-font-style:var(--h2_typography-font-style);--awb-caption-title-size:var(--h2_typography-font-size);--awb-caption-title-transform:var(--h2_typography-text-transform);--awb-caption-title-line-height:var(--h2_typography-line-height);--awb-caption-title-letter-spacing:var(--h2_typography-letter-spacing);\"><span class=\" fusion-imageframe imageframe-none imageframe-2 hover-type-none\"><img decoding=\"async\" width=\"1299\" height=\"1001\" title=\"Siemon certificacion IR Maxpro\" src=\"https:\/\/maxprogt.com\/wp-content\/uploads\/2023\/09\/Siemon-certificacion-IR-Maxpro.jpg\" data-orig-src=\"https:\/\/maxprogt.com\/wp-content\/uploads\/2023\/09\/Siemon-certificacion-IR-Maxpro.jpg\" alt class=\"lazyload img-responsive wp-image-1133\" srcset=\"data:image\/svg+xml,%3Csvg%20xmlns%3D%27http%3A%2F%2Fwww.w3.org%2F2000%2Fsvg%27%20width%3D%271299%27%20height%3D%271001%27%20viewBox%3D%270%200%201299%201001%27%3E%3Crect%20width%3D%271299%27%20height%3D%271001%27%20fill-opacity%3D%220%22%2F%3E%3C%2Fsvg%3E\" data-srcset=\"https:\/\/maxprogt.com\/wp-content\/uploads\/2023\/09\/Siemon-certificacion-IR-Maxpro-200x154.jpg 200w, https:\/\/maxprogt.com\/wp-content\/uploads\/2023\/09\/Siemon-certificacion-IR-Maxpro-400x308.jpg 400w, https:\/\/maxprogt.com\/wp-content\/uploads\/2023\/09\/Siemon-certificacion-IR-Maxpro-600x462.jpg 600w, https:\/\/maxprogt.com\/wp-content\/uploads\/2023\/09\/Siemon-certificacion-IR-Maxpro-800x616.jpg 800w, https:\/\/maxprogt.com\/wp-content\/uploads\/2023\/09\/Siemon-certificacion-IR-Maxpro-1200x925.jpg 1200w, https:\/\/maxprogt.com\/wp-content\/uploads\/2023\/09\/Siemon-certificacion-IR-Maxpro.jpg 1299w\" data-sizes=\"auto\" data-orig-sizes=\"(max-width: 800px) 100vw, (max-width: 640px) 100vw, 600px\" \/><\/span><\/div><div class=\"fusion-separator fusion-full-width-sep\" style=\"align-self: center;margin-left: auto;margin-right: auto;margin-top:20px;width:100%;\"><\/div><div class=\"fusion-text fusion-text-3\"><p><span style=\"color: var(--awb-color1);\"><strong>En Maxpro<\/strong> contamos con soluciones que se ajustan a cada presupuesto tambien le ofrrecemos instalaciones profesionales de redes de voz y datos de las marcas <strong>Supranet y Linet<\/strong> instaladas por nuestro departamento t\u00e9cnico profesional.<\/span><\/p>\n<\/div><div class=\"fusion-separator fusion-full-width-sep\" style=\"align-self: center;margin-left: auto;margin-right: auto;margin-top:20px;width:100%;\"><\/div><\/div><\/div><\/div><\/div><div class=\"fusion-bg-parallax\" data-bg-align=\"left top\" data-direction=\"right\" data-mute=\"false\" data-opacity=\"100\" data-velocity=\"-0.7\" data-mobile-enabled=\"false\" data-break_parents=\"0\" data-bg-image=\"https:\/\/maxprogt.com\/wp-content\/uploads\/2023\/09\/C644B4E6-50B4-11EE-93A4-0EC86317.jpg\" data-bg-repeat=\"false\" ><\/div><div class=\"fusion-fullwidth fullwidth-box fusion-builder-row-2 fusion-flex-container has-pattern-background has-mask-background fusion-parallax-right nonhundred-percent-fullwidth non-hundred-percent-height-scrolling lazyload\" style=\"--awb-background-position:left top;--awb-border-sizes-top:0px;--awb-border-sizes-bottom:0px;--awb-border-sizes-left:0px;--awb-border-sizes-right:0px;--awb-border-radius-top-left:0px;--awb-border-radius-top-right:0px;--awb-border-radius-bottom-right:0px;--awb-border-radius-bottom-left:0px;--awb-padding-top:130px;--awb-padding-bottom:120px;--awb-background-size:cover;--awb-flex-wrap:wrap;\" data-bg=\"https:\/\/maxprogt.com\/wp-content\/uploads\/2023\/09\/C644B4E6-50B4-11EE-93A4-0EC86317.jpg\" ><div class=\"fusion-builder-row fusion-row fusion-flex-align-items-flex-start fusion-flex-content-wrap\" style=\"max-width:1216.8px;margin-left: calc(-4% \/ 2 );margin-right: calc(-4% \/ 2 );\"><div class=\"fusion-layout-column fusion_builder_column fusion-builder-column-1 fusion_builder_column_1_2 1_2 fusion-flex-column\" style=\"--awb-bg-blend:overlay;--awb-bg-size:cover;--awb-width-large:50%;--awb-margin-top-large:0px;--awb-spacing-right-large:3.84%;--awb-margin-bottom-large:20px;--awb-spacing-left-large:3.84%;--awb-width-medium:100%;--awb-spacing-right-medium:1.92%;--awb-spacing-left-medium:1.92%;--awb-width-small:100%;--awb-spacing-right-small:1.92%;--awb-spacing-left-small:1.92%;\"><div class=\"fusion-column-wrapper fusion-flex-justify-content-flex-start fusion-content-layout-column\"><div class=\"fusion-title title fusion-title-2 fusion-sep-none fusion-title-text fusion-title-size-two\" style=\"--awb-text-color:var(--awb-color1);--awb-margin-top-small:0px;--awb-margin-right-small:0px;--awb-margin-bottom-small:20px;--awb-margin-left-small:0px;\"><h2 class=\"fusion-title-heading title-heading-left fusion-responsive-typography-calculated\" style=\"margin:0;text-transform:capitalize;--fontSize:48;line-height:var(--awb-typography1-line-height);\">ENLACES DE FIBRA \u00d3PTICA<\/h2><\/div><div class=\"fusion-text fusion-text-4\"><p><span style=\"color: var(--awb-color1);\"><strong>Maxpro<\/strong> instala enlaces de fibra \u00f3ptica en planta interna y planta externa con fibras <strong>Monomodo y Multimodo<\/strong> de las marcas <strong>Panduit, Siemon, Supranet y Prisma.<\/strong><\/span><\/p>\n<\/div><div class=\"fusion-separator fusion-full-width-sep\" style=\"align-self: center;margin-left: auto;margin-right: auto;margin-top:20px;width:100%;\"><\/div><\/div><\/div><\/div><\/div><div class=\"fusion-bg-parallax\" data-bg-align=\"left top\" data-direction=\"left\" data-mute=\"false\" data-opacity=\"100\" data-velocity=\"-0.7\" data-mobile-enabled=\"false\" data-break_parents=\"0\" data-bg-image=\"https:\/\/maxprogt.com\/wp-content\/uploads\/2023\/09\/detectores-incendios-en-naves-industriales-1280x720-1.jpg\" data-bg-repeat=\"false\" ><\/div><div class=\"fusion-fullwidth fullwidth-box fusion-builder-row-3 fusion-flex-container has-pattern-background has-mask-background fusion-parallax-left nonhundred-percent-fullwidth non-hundred-percent-height-scrolling lazyload\" style=\"--awb-background-position:left top;--awb-border-sizes-top:0px;--awb-border-sizes-bottom:0px;--awb-border-sizes-left:0px;--awb-border-sizes-right:0px;--awb-border-radius-top-left:0px;--awb-border-radius-top-right:0px;--awb-border-radius-bottom-right:0px;--awb-border-radius-bottom-left:0px;--awb-padding-top:130px;--awb-padding-bottom:120px;--awb-background-size:cover;--awb-flex-wrap:wrap;\" data-bg=\"https:\/\/maxprogt.com\/wp-content\/uploads\/2023\/09\/detectores-incendios-en-naves-industriales-1280x720-1.jpg\" ><div class=\"fusion-builder-row fusion-row fusion-flex-align-items-flex-start fusion-flex-content-wrap\" style=\"max-width:1216.8px;margin-left: calc(-4% \/ 2 );margin-right: calc(-4% \/ 2 );\"><div class=\"fusion-layout-column fusion_builder_column fusion-builder-column-2 fusion_builder_column_1_2 1_2 fusion-flex-column\" style=\"--awb-bg-blend:overlay;--awb-bg-size:cover;--awb-width-large:50%;--awb-margin-top-large:0px;--awb-spacing-right-large:3.84%;--awb-margin-bottom-large:20px;--awb-spacing-left-large:3.84%;--awb-width-medium:100%;--awb-spacing-right-medium:1.92%;--awb-spacing-left-medium:1.92%;--awb-width-small:100%;--awb-spacing-right-small:1.92%;--awb-spacing-left-small:1.92%;\"><div class=\"fusion-column-wrapper fusion-flex-justify-content-flex-start fusion-content-layout-column\"><div class=\"fusion-title title fusion-title-3 fusion-sep-none fusion-title-text fusion-title-size-two\" style=\"--awb-text-color:var(--awb-color1);--awb-margin-top-small:0px;--awb-margin-right-small:0px;--awb-margin-bottom-small:20px;--awb-margin-left-small:0px;\"><h2 class=\"fusion-title-heading title-heading-left fusion-responsive-typography-calculated\" style=\"margin:0;text-transform:capitalize;--fontSize:48;line-height:var(--awb-typography1-line-height);\">ALARMAS DE DETECCI\u00d3N DE INCENDIO NORMADAS POR NFPA 72<\/h2><\/div><div class=\"fusion-text fusion-text-5\"><p><span style=\"color: var(--awb-color1);\">El fin primordial de las alarmas de detecci\u00f3n de incendios y evacuaci\u00f3n es salvar vidas as\u00ed mismo proteger los bienes, valores y propiedades, usted no puede dejar al azar que personas o empresas con desconocimiento e improvisaci\u00f3n dise\u00f1en o instalen sistemas tan importantes y vitales, Maxpro cuenta con personal certificado por la NFPA que es la \u00fanica instituci\u00f3n que dicta las normas vigentes para el dise\u00f1o instalaci\u00f3n y mantenimeinto de alarmas de detecci\u00f3n de incendio y evacuaci\u00f3n Norma NFPA 72.<\/span><\/p>\n<\/div><div class=\"fusion-text fusion-text-6\"><p><span style=\"color: var(--awb-color1);\">Maxpro le recomienda que exija que las personas o empresas que le dise\u00f1en o le implementar\u00e1n una alarma de detecci\u00f3n de incendios le presenten la documentaci\u00f3n respectiva que garantiza que su alarma est\u00e1 siendo dise\u00f1ada e implementada por personal certificado por la NFPA.<\/span><\/p>\n<\/div><div class=\"fusion-separator fusion-full-width-sep\" style=\"align-self: center;margin-left: auto;margin-right: auto;margin-top:20px;width:100%;\"><\/div><\/div><\/div><\/div><\/div><div class=\"fusion-bg-parallax\" data-bg-align=\"left top\" data-direction=\"right\" data-mute=\"false\" data-opacity=\"100\" data-velocity=\"-0.7\" data-mobile-enabled=\"false\" data-break_parents=\"0\" data-bg-image=\"https:\/\/maxprogt.com\/wp-content\/uploads\/2015\/02\/services4-1.jpg\" data-bg-repeat=\"false\" ><\/div><div class=\"fusion-fullwidth fullwidth-box fusion-builder-row-4 fusion-flex-container fusion-parallax-right nonhundred-percent-fullwidth non-hundred-percent-height-scrolling lazyload\" style=\"--awb-background-position:left top;--awb-border-sizes-top:0px;--awb-border-sizes-bottom:0px;--awb-border-sizes-left:0px;--awb-border-sizes-right:0px;--awb-border-radius-top-left:0px;--awb-border-radius-top-right:0px;--awb-border-radius-bottom-right:0px;--awb-border-radius-bottom-left:0px;--awb-padding-top:130px;--awb-padding-bottom:120px;--awb-background-size:cover;--awb-flex-wrap:wrap;\" data-bg=\"https:\/\/maxprogt.com\/wp-content\/uploads\/2015\/02\/services4-1.jpg\" ><div class=\"fusion-builder-row fusion-row fusion-flex-align-items-flex-start fusion-flex-content-wrap\" style=\"max-width:1216.8px;margin-left: calc(-4% \/ 2 );margin-right: calc(-4% \/ 2 );\"><div class=\"fusion-layout-column fusion_builder_column fusion-builder-column-3 fusion_builder_column_1_2 1_2 fusion-flex-column\" style=\"--awb-bg-blend:overlay;--awb-bg-size:cover;--awb-width-large:50%;--awb-margin-top-large:0px;--awb-spacing-right-large:3.84%;--awb-margin-bottom-large:20px;--awb-spacing-left-large:3.84%;--awb-width-medium:100%;--awb-spacing-right-medium:1.92%;--awb-spacing-left-medium:1.92%;--awb-width-small:100%;--awb-spacing-right-small:1.92%;--awb-spacing-left-small:1.92%;\"><div class=\"fusion-column-wrapper fusion-flex-justify-content-flex-start fusion-content-layout-column\"><div class=\"fusion-title title fusion-title-4 fusion-sep-none fusion-title-text fusion-title-size-two\" style=\"--awb-text-color:var(--awb-color1);--awb-margin-top-small:0px;--awb-margin-right-small:0px;--awb-margin-bottom-small:20px;--awb-margin-left-small:0px;\"><h2 class=\"fusion-title-heading title-heading-left fusion-responsive-typography-calculated\" style=\"margin:0;text-transform:capitalize;--fontSize:48;line-height:var(--awb-typography1-line-height);\">C\u00c1MARAS DE VIDEOVIGILANCIA CCTV ANALOGO Y CCTV IP<\/h2><\/div><div class=\"fusion-text fusion-text-7\"><p><span style=\"color: var(--awb-color1);\">La correcta selecci\u00f3n del sistema de video vigilancia que usted elija le permitir\u00e1 contar con un sistema funcional, que le brinde grabaciones con imagenes claras y definidas para identifcar personas, vehiculos, eventos, etc, <\/span><\/p>\n<p><span style=\"color: var(--awb-color1);\">Maxpro le brinda una amplia gama de soluciones en c\u00e1maras de vigilancia dise\u00f1adas por profesionales con una amplia experiencia en el dise\u00f1o y selecci\u00f3n de los equipos adecuados a sus necesidades y presupuesto con la m\u00e1s amplia garant\u00eda.<\/span><\/p>\n<p><span style=\"color: var(--awb-color1);\">Maxpro ofrece \u00fanicamente marcas de reconocido prestigio y que pueden garantizar a nuestros clientes que cumplen con las caracter\u00edsticas que sus hojas t\u00e9cnicas describen, que cumplen con normas de calidad y garantia siendo las siguientes: Axis, Bosch, Hikvisi\u00f3n y Epcom.<\/span><\/p>\n<\/div><div class=\"fusion-separator fusion-full-width-sep\" style=\"align-self: center;margin-left: auto;margin-right: auto;margin-top:20px;width:100%;\"><\/div><\/div><\/div><\/div><\/div><div class=\"fusion-bg-parallax\" data-bg-align=\"left top\" data-direction=\"left\" data-mute=\"false\" data-opacity=\"100\" data-velocity=\"-0.7\" data-mobile-enabled=\"false\" data-break_parents=\"0\" data-bg-image=\"https:\/\/maxprogt.com\/wp-content\/uploads\/2015\/02\/services5-1.jpg\" data-bg-repeat=\"false\" ><\/div><div class=\"fusion-fullwidth fullwidth-box fusion-builder-row-5 fusion-flex-container fusion-parallax-left nonhundred-percent-fullwidth non-hundred-percent-height-scrolling lazyload\" style=\"--awb-background-position:left top;--awb-border-sizes-top:0px;--awb-border-sizes-bottom:0px;--awb-border-sizes-left:0px;--awb-border-sizes-right:0px;--awb-border-radius-top-left:0px;--awb-border-radius-top-right:0px;--awb-border-radius-bottom-right:0px;--awb-border-radius-bottom-left:0px;--awb-padding-top:130px;--awb-padding-bottom:120px;--awb-background-size:cover;--awb-flex-wrap:wrap;\" data-bg=\"https:\/\/maxprogt.com\/wp-content\/uploads\/2015\/02\/services5-1.jpg\" ><div class=\"fusion-builder-row fusion-row fusion-flex-align-items-flex-start fusion-flex-content-wrap\" style=\"max-width:1216.8px;margin-left: calc(-4% \/ 2 );margin-right: calc(-4% \/ 2 );\"><div class=\"fusion-layout-column fusion_builder_column fusion-builder-column-4 fusion_builder_column_1_2 1_2 fusion-flex-column\" style=\"--awb-bg-blend:overlay;--awb-bg-size:cover;--awb-width-large:50%;--awb-margin-top-large:0px;--awb-spacing-right-large:3.84%;--awb-margin-bottom-large:20px;--awb-spacing-left-large:3.84%;--awb-width-medium:100%;--awb-spacing-right-medium:1.92%;--awb-spacing-left-medium:1.92%;--awb-width-small:100%;--awb-spacing-right-small:1.92%;--awb-spacing-left-small:1.92%;\"><div class=\"fusion-column-wrapper fusion-flex-justify-content-flex-start fusion-content-layout-column\"><div class=\"fusion-title title fusion-title-5 fusion-sep-none fusion-title-text fusion-title-size-two\" style=\"--awb-text-color:var(--awb-color1);--awb-margin-top-small:0px;--awb-margin-right-small:0px;--awb-margin-bottom-small:20px;--awb-margin-left-small:0px;\"><h2 class=\"fusion-title-heading title-heading-left fusion-responsive-typography-calculated\" style=\"margin:0;text-transform:capitalize;--fontSize:48;line-height:var(--awb-typography1-line-height);\">CONTROLES DE ACCESO BIOM\u00c9TRICO<\/h2><\/div><div class=\"fusion-text fusion-text-8\"><p><span style=\"color: var(--awb-color1);\">Maxpro provee de soluciones para protecci\u00f3n con controles de acceso Biom\u00e9tricos de huellas, rostros, palmas de las marcas: ZKteco, Suprema, Hikvisi\u00f3n.<\/span><\/p>\n<\/div><div class=\"fusion-separator fusion-full-width-sep\" style=\"align-self: center;margin-left: auto;margin-right: auto;margin-top:20px;width:100%;\"><\/div><\/div><\/div><\/div><\/div><\/p>\n","protected":false},"excerpt":{"rendered":"","protected":false},"author":1,"featured_media":0,"parent":0,"menu_order":0,"comment_status":"closed","ping_status":"open","template":"100-width.php","meta":{"footnotes":""},"class_list":["post-11","page","type-page","status-publish","hentry"],"_links":{"self":[{"href":"https:\/\/maxprogt.com\/index.php?rest_route=\/wp\/v2\/pages\/11"}],"collection":[{"href":"https:\/\/maxprogt.com\/index.php?rest_route=\/wp\/v2\/pages"}],"about":[{"href":"https:\/\/maxprogt.com\/index.php?rest_route=\/wp\/v2\/types\/page"}],"author":[{"embeddable":true,"href":"https:\/\/maxprogt.com\/index.php?rest_route=\/wp\/v2\/users\/1"}],"replies":[{"embeddable":true,"href":"https:\/\/maxprogt.com\/index.php?rest_route=%2Fwp%2Fv2%2Fcomments&post=11"}],"version-history":[{"count":34,"href":"https:\/\/maxprogt.com\/index.php?rest_route=\/wp\/v2\/pages\/11\/revisions"}],"predecessor-version":[{"id":1167,"href":"https:\/\/maxprogt.com\/index.php?rest_route=\/wp\/v2\/pages\/11\/revisions\/1167"}],"wp:attachment":[{"href":"https:\/\/maxprogt.com\/index.php?rest_route=%2Fwp%2Fv2%2Fmedia&parent=11"}],"curies":[{"name":"wp","href":"https:\/\/api.w.org\/{rel}","templated":true}]}}